{"id":1439,"date":"2023-06-14T00:04:36","date_gmt":"2023-06-13T22:04:36","guid":{"rendered":"https:\/\/maxim.probierwiese.de\/?page_id=1439"},"modified":"2023-06-21T22:50:05","modified_gmt":"2023-06-21T20:50:05","slug":"krankengymnastik","status":"publish","type":"page","link":"https:\/\/www.physio-batjuta.de\/physiotherapie-chemnitz\/krankengymnastik\/","title":{"rendered":"Krankengymnastik"},"content":{"rendered":"<p>Die Krankengymnastik setzt sich aus vielen Behandlungstechniken zusammen, die auf jeden Patienten einzeln angepasst werden. Sie ist eine gute Alternative und Erg\u00e4nzung zur medikament\u00f6sen und operativen Behandlung. Die Ziele der Therapie sind die Wiederherstellung, Verbesserung oder Erhalt von Kraft, Beweglichkeit, Koordination und Ausdauer. Die Schmerzreduktion, Durchblutung und der Stoffwechsel werden dabei angeregt bzw. verbessert.<\/p>\n<p>Krankengymnastik kann passiv, aktiv, und resistiv durchgef\u00fchrt werden.<\/p>\n<ul>\n<li><strong>passiv<\/strong> der Therapeut bewegt den Patient ohne dass dieser mit seiner Muskulatur mitarbeitet z.B.: bei Bettl\u00e4gerigkeit<\/li>\n<li><strong>aktiv<\/strong> der Patient f\u00fchrt selbstst\u00e4ndig seine \u00dcbungen unter Aufsicht und Korrektur durch<\/li>\n<li><strong>resistiv<\/strong> der Patient f\u00fchrt unter Anleitung \u00dcbungen mit einem Widerstand aus z.B.: ein Terraband<\/li>\n<\/ul>\n","protected":false},"excerpt":{"rendered":"<p>Die Krankengymnastik setzt sich aus vielen Behandlungstechniken zusammen, die auf jeden Patienten einzeln angepasst werden. Sie ist eine gute Alternative und Erg\u00e4nzung zur medikament\u00f6sen und operativen Behandlung. Die Ziele der [&hellip;]<\/p>\n","protected":false},"author":1,"featured_media":0,"parent":0,"menu_order":0,"comment_status":"closed","ping_status":"closed","template":"","meta":{"footnotes":""},"class_list":["post-1439","page","type-page","status-publish","hentry"],"yoast_head":"<!-- This site is optimized with the Yoast SEO plugin v26.9 - https:\/\/yoast.com\/product\/yoast-seo-wordpress\/ -->\n<title>Krankengymnastik - Physiotherapie Maxim Batjuta - 2 mal in Chemnitz<\/title>\n<meta name=\"robots\" content=\"index, follow, max-snippet:-1, max-image-preview:large, max-video-preview:-1\" \/>\n<link rel=\"canonical\" href=\"https:\/\/www.physio-batjuta.de\/physiotherapie-chemnitz\/krankengymnastik\/\" \/>\n<meta property=\"og:locale\" content=\"de_DE\" \/>\n<meta property=\"og:type\" content=\"article\" \/>\n<meta property=\"og:title\" content=\"Krankengymnastik - Physiotherapie Maxim Batjuta - 2 mal in Chemnitz\" \/>\n<meta property=\"og:description\" content=\"Die Krankengymnastik setzt sich aus vielen Behandlungstechniken zusammen, die auf jeden Patienten einzeln angepasst werden. Sie ist eine gute Alternative und Erg\u00e4nzung zur medikament\u00f6sen und operativen Behandlung. Die Ziele der [&hellip;]\" \/>\n<meta property=\"og:url\" content=\"https:\/\/www.physio-batjuta.de\/physiotherapie-chemnitz\/krankengymnastik\/\" \/>\n<meta property=\"og:site_name\" content=\"Physiotherapie Maxim Batjuta - 2 mal in Chemnitz\" \/>\n<meta property=\"article:modified_time\" content=\"2023-06-21T20:50:05+00:00\" \/>\n<meta name=\"twitter:card\" content=\"summary_large_image\" \/>\n<meta name=\"twitter:label1\" content=\"Gesch\u00e4tzte Lesezeit\" \/>\n\t<meta name=\"twitter:data1\" content=\"1\u00a0Minute\" \/>\n<!-- \/ Yoast SEO plugin. -->","yoast_head_json":{"title":"Krankengymnastik - Physiotherapie Maxim Batjuta - 2 mal in Chemnitz","robots":{"index":"index","follow":"follow","max-snippet":"max-snippet:-1","max-image-preview":"max-image-preview:large","max-video-preview":"max-video-preview:-1"},"canonical":"https:\/\/www.physio-batjuta.de\/physiotherapie-chemnitz\/krankengymnastik\/","og_locale":"de_DE","og_type":"article","og_title":"Krankengymnastik - Physiotherapie Maxim Batjuta - 2 mal in Chemnitz","og_description":"Die Krankengymnastik setzt sich aus vielen Behandlungstechniken zusammen, die auf jeden Patienten einzeln angepasst werden. Sie ist eine gute Alternative und Erg\u00e4nzung zur medikament\u00f6sen und operativen Behandlung. Die Ziele der [&hellip;]","og_url":"https:\/\/www.physio-batjuta.de\/physiotherapie-chemnitz\/krankengymnastik\/","og_site_name":"Physiotherapie Maxim Batjuta - 2 mal in Chemnitz","article_modified_time":"2023-06-21T20:50:05+00:00","twitter_card":"summary_large_image","twitter_misc":{"Gesch\u00e4tzte Lesezeit":"1\u00a0Minute"},"schema":{"@context":"https:\/\/schema.org","@graph":[{"@type":"WebPage","@id":"https:\/\/www.physio-batjuta.de\/physiotherapie-chemnitz\/krankengymnastik\/","url":"https:\/\/www.physio-batjuta.de\/physiotherapie-chemnitz\/krankengymnastik\/","name":"Krankengymnastik - Physiotherapie Maxim Batjuta - 2 mal in Chemnitz","isPartOf":{"@id":"https:\/\/www.physio-batjuta.de\/physiotherapie-chemnitz\/#website"},"datePublished":"2023-06-13T22:04:36+00:00","dateModified":"2023-06-21T20:50:05+00:00","breadcrumb":{"@id":"https:\/\/www.physio-batjuta.de\/physiotherapie-chemnitz\/krankengymnastik\/#breadcrumb"},"inLanguage":"de","potentialAction":[{"@type":"ReadAction","target":["https:\/\/www.physio-batjuta.de\/physiotherapie-chemnitz\/krankengymnastik\/"]}]},{"@type":"BreadcrumbList","@id":"https:\/\/www.physio-batjuta.de\/physiotherapie-chemnitz\/krankengymnastik\/#breadcrumb","itemListElement":[{"@type":"ListItem","position":1,"name":"Start","item":"https:\/\/www.physio-batjuta.de\/physiotherapie-chemnitz\/"},{"@type":"ListItem","position":2,"name":"Krankengymnastik"}]},{"@type":"WebSite","@id":"https:\/\/www.physio-batjuta.de\/physiotherapie-chemnitz\/#website","url":"https:\/\/www.physio-batjuta.de\/physiotherapie-chemnitz\/","name":"Physiotherapie Maxim Batjuta - 2 mal in Chemnitz","description":"","publisher":{"@id":"https:\/\/www.physio-batjuta.de\/physiotherapie-chemnitz\/#organization"},"potentialAction":[{"@type":"SearchAction","target":{"@type":"EntryPoint","urlTemplate":"https:\/\/www.physio-batjuta.de\/physiotherapie-chemnitz\/?s={search_term_string}"},"query-input":{"@type":"PropertyValueSpecification","valueRequired":true,"valueName":"search_term_string"}}],"inLanguage":"de"},{"@type":"Organization","@id":"https:\/\/www.physio-batjuta.de\/physiotherapie-chemnitz\/#organization","name":"Physiotherapie Maxim Batjuta - 2 mal in Chemnitz","url":"https:\/\/www.physio-batjuta.de\/physiotherapie-chemnitz\/","logo":{"@type":"ImageObject","inLanguage":"de","@id":"https:\/\/www.physio-batjuta.de\/physiotherapie-chemnitz\/#\/schema\/logo\/image\/","url":"https:\/\/www.physio-batjuta.de\/wp-content\/uploads\/2023\/06\/logo-web-1.png","contentUrl":"https:\/\/www.physio-batjuta.de\/wp-content\/uploads\/2023\/06\/logo-web-1.png","width":1063,"height":200,"caption":"Physiotherapie Maxim Batjuta - 2 mal in Chemnitz"},"image":{"@id":"https:\/\/www.physio-batjuta.de\/physiotherapie-chemnitz\/#\/schema\/logo\/image\/"}}]}},"_links":{"self":[{"href":"https:\/\/www.physio-batjuta.de\/physiotherapie-chemnitz\/wp-json\/wp\/v2\/pages\/1439","targetHints":{"allow":["GET"]}}],"collection":[{"href":"https:\/\/www.physio-batjuta.de\/physiotherapie-chemnitz\/wp-json\/wp\/v2\/pages"}],"about":[{"href":"https:\/\/www.physio-batjuta.de\/physiotherapie-chemnitz\/wp-json\/wp\/v2\/types\/page"}],"author":[{"embeddable":true,"href":"https:\/\/www.physio-batjuta.de\/physiotherapie-chemnitz\/wp-json\/wp\/v2\/users\/1"}],"replies":[{"embeddable":true,"href":"https:\/\/www.physio-batjuta.de\/physiotherapie-chemnitz\/wp-json\/wp\/v2\/comments?post=1439"}],"version-history":[{"count":2,"href":"https:\/\/www.physio-batjuta.de\/physiotherapie-chemnitz\/wp-json\/wp\/v2\/pages\/1439\/revisions"}],"predecessor-version":[{"id":1607,"href":"https:\/\/www.physio-batjuta.de\/physiotherapie-chemnitz\/wp-json\/wp\/v2\/pages\/1439\/revisions\/1607"}],"wp:attachment":[{"href":"https:\/\/www.physio-batjuta.de\/physiotherapie-chemnitz\/wp-json\/wp\/v2\/media?parent=1439"}],"curies":[{"name":"wp","href":"https:\/\/api.w.org\/{rel}","templated":true}]}}