{"id":1445,"date":"2023-06-14T21:21:59","date_gmt":"2023-06-14T19:21:59","guid":{"rendered":"https:\/\/maxim.probierwiese.de\/?page_id=1445"},"modified":"2023-06-14T21:21:59","modified_gmt":"2023-06-14T19:21:59","slug":"fango-waermepackung","status":"publish","type":"page","link":"https:\/\/www.physio-batjuta.de\/physiotherapie-chemnitz\/fango-waermepackung\/","title":{"rendered":"Fango\/W\u00e4rmepackung"},"content":{"rendered":"<p>Fango ist ein Mineralschlamm mit vulkanischem Ursprung. Sie dient als unterst\u00fctzende Ma\u00dfnahme und ist eine gute Vorbereitung f\u00fcr Massage und manuelle Therapie. Die Packung wird auf ca. 50\u00b0C erw\u00e4rmt und auf die betroffene Stelle gelegt. Durch die hohe Temperatur wird die Durchblutung von Haut und Muskulatur angeregt. Weiterhin regt es den Stoffwechsel an und st\u00e4rkt das Immunsystem. Auf Grund dieser Wirkungen werden Schmerzen gelindert, Sehnen und B\u00e4nder lassen sich besser dehnen.<\/p>\n<p><strong>\u00a0<\/strong><\/p>\n","protected":false},"excerpt":{"rendered":"<p>Fango ist ein Mineralschlamm mit vulkanischem Ursprung. Sie dient als unterst\u00fctzende Ma\u00dfnahme und ist eine gute Vorbereitung f\u00fcr Massage und manuelle Therapie. Die Packung wird auf ca. 50\u00b0C erw\u00e4rmt und [&hellip;]<\/p>\n","protected":false},"author":1,"featured_media":0,"parent":0,"menu_order":0,"comment_status":"closed","ping_status":"closed","template":"","meta":{"footnotes":""},"class_list":["post-1445","page","type-page","status-publish","hentry"],"yoast_head":"<!-- This site is optimized with the Yoast SEO plugin v26.9 - https:\/\/yoast.com\/product\/yoast-seo-wordpress\/ -->\n<title>Fango\/W\u00e4rmepackung - Physiotherapie Maxim Batjuta - 2 mal in Chemnitz<\/title>\n<meta name=\"robots\" content=\"index, follow, max-snippet:-1, max-image-preview:large, max-video-preview:-1\" \/>\n<link rel=\"canonical\" href=\"https:\/\/www.physio-batjuta.de\/physiotherapie-chemnitz\/fango-waermepackung\/\" \/>\n<meta property=\"og:locale\" content=\"de_DE\" \/>\n<meta property=\"og:type\" content=\"article\" \/>\n<meta property=\"og:title\" content=\"Fango\/W\u00e4rmepackung - Physiotherapie Maxim Batjuta - 2 mal in Chemnitz\" \/>\n<meta property=\"og:description\" content=\"Fango ist ein Mineralschlamm mit vulkanischem Ursprung. Sie dient als unterst\u00fctzende Ma\u00dfnahme und ist eine gute Vorbereitung f\u00fcr Massage und manuelle Therapie. Die Packung wird auf ca. 50\u00b0C erw\u00e4rmt und [&hellip;]\" \/>\n<meta property=\"og:url\" content=\"https:\/\/www.physio-batjuta.de\/physiotherapie-chemnitz\/fango-waermepackung\/\" \/>\n<meta property=\"og:site_name\" content=\"Physiotherapie Maxim Batjuta - 2 mal in Chemnitz\" \/>\n<meta name=\"twitter:card\" content=\"summary_large_image\" \/>\n<!-- \/ Yoast SEO plugin. -->","yoast_head_json":{"title":"Fango\/W\u00e4rmepackung - Physiotherapie Maxim Batjuta - 2 mal in Chemnitz","robots":{"index":"index","follow":"follow","max-snippet":"max-snippet:-1","max-image-preview":"max-image-preview:large","max-video-preview":"max-video-preview:-1"},"canonical":"https:\/\/www.physio-batjuta.de\/physiotherapie-chemnitz\/fango-waermepackung\/","og_locale":"de_DE","og_type":"article","og_title":"Fango\/W\u00e4rmepackung - Physiotherapie Maxim Batjuta - 2 mal in Chemnitz","og_description":"Fango ist ein Mineralschlamm mit vulkanischem Ursprung. Sie dient als unterst\u00fctzende Ma\u00dfnahme und ist eine gute Vorbereitung f\u00fcr Massage und manuelle Therapie. Die Packung wird auf ca. 50\u00b0C erw\u00e4rmt und [&hellip;]","og_url":"https:\/\/www.physio-batjuta.de\/physiotherapie-chemnitz\/fango-waermepackung\/","og_site_name":"Physiotherapie Maxim Batjuta - 2 mal in Chemnitz","twitter_card":"summary_large_image","schema":{"@context":"https:\/\/schema.org","@graph":[{"@type":"WebPage","@id":"https:\/\/www.physio-batjuta.de\/physiotherapie-chemnitz\/fango-waermepackung\/","url":"https:\/\/www.physio-batjuta.de\/physiotherapie-chemnitz\/fango-waermepackung\/","name":"Fango\/W\u00e4rmepackung - Physiotherapie Maxim Batjuta - 2 mal in Chemnitz","isPartOf":{"@id":"https:\/\/www.physio-batjuta.de\/physiotherapie-chemnitz\/#website"},"datePublished":"2023-06-14T19:21:59+00:00","breadcrumb":{"@id":"https:\/\/www.physio-batjuta.de\/physiotherapie-chemnitz\/fango-waermepackung\/#breadcrumb"},"inLanguage":"de","potentialAction":[{"@type":"ReadAction","target":["https:\/\/www.physio-batjuta.de\/physiotherapie-chemnitz\/fango-waermepackung\/"]}]},{"@type":"BreadcrumbList","@id":"https:\/\/www.physio-batjuta.de\/physiotherapie-chemnitz\/fango-waermepackung\/#breadcrumb","itemListElement":[{"@type":"ListItem","position":1,"name":"Start","item":"https:\/\/www.physio-batjuta.de\/physiotherapie-chemnitz\/"},{"@type":"ListItem","position":2,"name":"Fango\/W\u00e4rmepackung"}]},{"@type":"WebSite","@id":"https:\/\/www.physio-batjuta.de\/physiotherapie-chemnitz\/#website","url":"https:\/\/www.physio-batjuta.de\/physiotherapie-chemnitz\/","name":"Physiotherapie Maxim Batjuta - 2 mal in Chemnitz","description":"","publisher":{"@id":"https:\/\/www.physio-batjuta.de\/physiotherapie-chemnitz\/#organization"},"potentialAction":[{"@type":"SearchAction","target":{"@type":"EntryPoint","urlTemplate":"https:\/\/www.physio-batjuta.de\/physiotherapie-chemnitz\/?s={search_term_string}"},"query-input":{"@type":"PropertyValueSpecification","valueRequired":true,"valueName":"search_term_string"}}],"inLanguage":"de"},{"@type":"Organization","@id":"https:\/\/www.physio-batjuta.de\/physiotherapie-chemnitz\/#organization","name":"Physiotherapie Maxim Batjuta - 2 mal in Chemnitz","url":"https:\/\/www.physio-batjuta.de\/physiotherapie-chemnitz\/","logo":{"@type":"ImageObject","inLanguage":"de","@id":"https:\/\/www.physio-batjuta.de\/physiotherapie-chemnitz\/#\/schema\/logo\/image\/","url":"https:\/\/www.physio-batjuta.de\/wp-content\/uploads\/2023\/06\/logo-web-1.png","contentUrl":"https:\/\/www.physio-batjuta.de\/wp-content\/uploads\/2023\/06\/logo-web-1.png","width":1063,"height":200,"caption":"Physiotherapie Maxim Batjuta - 2 mal in Chemnitz"},"image":{"@id":"https:\/\/www.physio-batjuta.de\/physiotherapie-chemnitz\/#\/schema\/logo\/image\/"}}]}},"_links":{"self":[{"href":"https:\/\/www.physio-batjuta.de\/physiotherapie-chemnitz\/wp-json\/wp\/v2\/pages\/1445","targetHints":{"allow":["GET"]}}],"collection":[{"href":"https:\/\/www.physio-batjuta.de\/physiotherapie-chemnitz\/wp-json\/wp\/v2\/pages"}],"about":[{"href":"https:\/\/www.physio-batjuta.de\/physiotherapie-chemnitz\/wp-json\/wp\/v2\/types\/page"}],"author":[{"embeddable":true,"href":"https:\/\/www.physio-batjuta.de\/physiotherapie-chemnitz\/wp-json\/wp\/v2\/users\/1"}],"replies":[{"embeddable":true,"href":"https:\/\/www.physio-batjuta.de\/physiotherapie-chemnitz\/wp-json\/wp\/v2\/comments?post=1445"}],"version-history":[{"count":1,"href":"https:\/\/www.physio-batjuta.de\/physiotherapie-chemnitz\/wp-json\/wp\/v2\/pages\/1445\/revisions"}],"predecessor-version":[{"id":1446,"href":"https:\/\/www.physio-batjuta.de\/physiotherapie-chemnitz\/wp-json\/wp\/v2\/pages\/1445\/revisions\/1446"}],"wp:attachment":[{"href":"https:\/\/www.physio-batjuta.de\/physiotherapie-chemnitz\/wp-json\/wp\/v2\/media?parent=1445"}],"curies":[{"name":"wp","href":"https:\/\/api.w.org\/{rel}","templated":true}]}}