{"id":1447,"date":"2023-06-14T21:22:25","date_gmt":"2023-06-14T19:22:25","guid":{"rendered":"https:\/\/maxim.probierwiese.de\/?page_id=1447"},"modified":"2023-06-14T21:22:25","modified_gmt":"2023-06-14T19:22:25","slug":"manuelle-lymphdrainage","status":"publish","type":"page","link":"https:\/\/www.physio-batjuta.de\/physiotherapie-chemnitz\/manuelle-lymphdrainage\/","title":{"rendered":"Manuelle Lymphdrainage"},"content":{"rendered":"<ul>\n<li>Manuelle Lymphdrainage ist ein Bestandteil der komplexen physikalischen Entstauungstherapie. Durch sanfte Massagegriffe wird das Lymphsystem angeregt und die Fl\u00fcssigkeit abtransportiert.<\/li>\n<li>Ein Lymph\u00f6dem ist eine sichtbare Fl\u00fcssigkeitsansammlung im Gewebe und ist ein Stoffwechselprodukt. Es entsteht bei der Blutversorgung des gesamten K\u00f6rpers. \u00d6deme k\u00f6nnen durch Unf\u00e4lle, Operationen entstehen und auch von Kind an seien.<\/li>\n<li>Am h\u00e4ufigsten kommen diese nach Operationen vor, da die Lymphgef\u00e4\u00dfe dicht unter der Haut liegen und dadurch besch\u00e4digt werden k\u00f6nnen und bei Tumorbehandlungen meist die Lymphknoten entfernt werden (Ektomie). Bei stark ausgepr\u00e4gten \u00d6demen wird zus\u00e4tzlich eine Kompressionstherapie angewandt. Sie besteht aus Kompressionsbinden oder ma\u00dfangefertigten Str\u00fcmpfen.<\/li>\n<\/ul>\n","protected":false},"excerpt":{"rendered":"<p>Manuelle Lymphdrainage ist ein Bestandteil der komplexen physikalischen Entstauungstherapie. Durch sanfte Massagegriffe wird das Lymphsystem angeregt und die Fl\u00fcssigkeit abtransportiert. Ein Lymph\u00f6dem ist eine sichtbare Fl\u00fcssigkeitsansammlung im Gewebe und ist [&hellip;]<\/p>\n","protected":false},"author":1,"featured_media":0,"parent":0,"menu_order":0,"comment_status":"closed","ping_status":"closed","template":"","meta":{"footnotes":""},"class_list":["post-1447","page","type-page","status-publish","hentry"],"yoast_head":"<!-- This site is optimized with the Yoast SEO plugin v26.9 - https:\/\/yoast.com\/product\/yoast-seo-wordpress\/ -->\n<title>Manuelle Lymphdrainage - Physiotherapie Maxim Batjuta - 2 mal in Chemnitz<\/title>\n<meta name=\"robots\" content=\"index, follow, max-snippet:-1, max-image-preview:large, max-video-preview:-1\" \/>\n<link rel=\"canonical\" href=\"https:\/\/www.physio-batjuta.de\/physiotherapie-chemnitz\/manuelle-lymphdrainage\/\" \/>\n<meta property=\"og:locale\" content=\"de_DE\" \/>\n<meta property=\"og:type\" content=\"article\" \/>\n<meta property=\"og:title\" content=\"Manuelle Lymphdrainage - Physiotherapie Maxim Batjuta - 2 mal in Chemnitz\" \/>\n<meta property=\"og:description\" content=\"Manuelle Lymphdrainage ist ein Bestandteil der komplexen physikalischen Entstauungstherapie. Durch sanfte Massagegriffe wird das Lymphsystem angeregt und die Fl\u00fcssigkeit abtransportiert. Ein Lymph\u00f6dem ist eine sichtbare Fl\u00fcssigkeitsansammlung im Gewebe und ist [&hellip;]\" \/>\n<meta property=\"og:url\" content=\"https:\/\/www.physio-batjuta.de\/physiotherapie-chemnitz\/manuelle-lymphdrainage\/\" \/>\n<meta property=\"og:site_name\" content=\"Physiotherapie Maxim Batjuta - 2 mal in Chemnitz\" \/>\n<meta name=\"twitter:card\" content=\"summary_large_image\" \/>\n<meta name=\"twitter:label1\" content=\"Gesch\u00e4tzte Lesezeit\" \/>\n\t<meta name=\"twitter:data1\" content=\"1\u00a0Minute\" \/>\n<!-- \/ Yoast SEO plugin. -->","yoast_head_json":{"title":"Manuelle Lymphdrainage - Physiotherapie Maxim Batjuta - 2 mal in Chemnitz","robots":{"index":"index","follow":"follow","max-snippet":"max-snippet:-1","max-image-preview":"max-image-preview:large","max-video-preview":"max-video-preview:-1"},"canonical":"https:\/\/www.physio-batjuta.de\/physiotherapie-chemnitz\/manuelle-lymphdrainage\/","og_locale":"de_DE","og_type":"article","og_title":"Manuelle Lymphdrainage - Physiotherapie Maxim Batjuta - 2 mal in Chemnitz","og_description":"Manuelle Lymphdrainage ist ein Bestandteil der komplexen physikalischen Entstauungstherapie. Durch sanfte Massagegriffe wird das Lymphsystem angeregt und die Fl\u00fcssigkeit abtransportiert. Ein Lymph\u00f6dem ist eine sichtbare Fl\u00fcssigkeitsansammlung im Gewebe und ist [&hellip;]","og_url":"https:\/\/www.physio-batjuta.de\/physiotherapie-chemnitz\/manuelle-lymphdrainage\/","og_site_name":"Physiotherapie Maxim Batjuta - 2 mal in Chemnitz","twitter_card":"summary_large_image","twitter_misc":{"Gesch\u00e4tzte Lesezeit":"1\u00a0Minute"},"schema":{"@context":"https:\/\/schema.org","@graph":[{"@type":"WebPage","@id":"https:\/\/www.physio-batjuta.de\/physiotherapie-chemnitz\/manuelle-lymphdrainage\/","url":"https:\/\/www.physio-batjuta.de\/physiotherapie-chemnitz\/manuelle-lymphdrainage\/","name":"Manuelle Lymphdrainage - Physiotherapie Maxim Batjuta - 2 mal in Chemnitz","isPartOf":{"@id":"https:\/\/www.physio-batjuta.de\/physiotherapie-chemnitz\/#website"},"datePublished":"2023-06-14T19:22:25+00:00","breadcrumb":{"@id":"https:\/\/www.physio-batjuta.de\/physiotherapie-chemnitz\/manuelle-lymphdrainage\/#breadcrumb"},"inLanguage":"de","potentialAction":[{"@type":"ReadAction","target":["https:\/\/www.physio-batjuta.de\/physiotherapie-chemnitz\/manuelle-lymphdrainage\/"]}]},{"@type":"BreadcrumbList","@id":"https:\/\/www.physio-batjuta.de\/physiotherapie-chemnitz\/manuelle-lymphdrainage\/#breadcrumb","itemListElement":[{"@type":"ListItem","position":1,"name":"Start","item":"https:\/\/www.physio-batjuta.de\/physiotherapie-chemnitz\/"},{"@type":"ListItem","position":2,"name":"Manuelle Lymphdrainage"}]},{"@type":"WebSite","@id":"https:\/\/www.physio-batjuta.de\/physiotherapie-chemnitz\/#website","url":"https:\/\/www.physio-batjuta.de\/physiotherapie-chemnitz\/","name":"Physiotherapie Maxim Batjuta - 2 mal in Chemnitz","description":"","publisher":{"@id":"https:\/\/www.physio-batjuta.de\/physiotherapie-chemnitz\/#organization"},"potentialAction":[{"@type":"SearchAction","target":{"@type":"EntryPoint","urlTemplate":"https:\/\/www.physio-batjuta.de\/physiotherapie-chemnitz\/?s={search_term_string}"},"query-input":{"@type":"PropertyValueSpecification","valueRequired":true,"valueName":"search_term_string"}}],"inLanguage":"de"},{"@type":"Organization","@id":"https:\/\/www.physio-batjuta.de\/physiotherapie-chemnitz\/#organization","name":"Physiotherapie Maxim Batjuta - 2 mal in Chemnitz","url":"https:\/\/www.physio-batjuta.de\/physiotherapie-chemnitz\/","logo":{"@type":"ImageObject","inLanguage":"de","@id":"https:\/\/www.physio-batjuta.de\/physiotherapie-chemnitz\/#\/schema\/logo\/image\/","url":"https:\/\/www.physio-batjuta.de\/wp-content\/uploads\/2023\/06\/logo-web-1.png","contentUrl":"https:\/\/www.physio-batjuta.de\/wp-content\/uploads\/2023\/06\/logo-web-1.png","width":1063,"height":200,"caption":"Physiotherapie Maxim Batjuta - 2 mal in Chemnitz"},"image":{"@id":"https:\/\/www.physio-batjuta.de\/physiotherapie-chemnitz\/#\/schema\/logo\/image\/"}}]}},"_links":{"self":[{"href":"https:\/\/www.physio-batjuta.de\/physiotherapie-chemnitz\/wp-json\/wp\/v2\/pages\/1447","targetHints":{"allow":["GET"]}}],"collection":[{"href":"https:\/\/www.physio-batjuta.de\/physiotherapie-chemnitz\/wp-json\/wp\/v2\/pages"}],"about":[{"href":"https:\/\/www.physio-batjuta.de\/physiotherapie-chemnitz\/wp-json\/wp\/v2\/types\/page"}],"author":[{"embeddable":true,"href":"https:\/\/www.physio-batjuta.de\/physiotherapie-chemnitz\/wp-json\/wp\/v2\/users\/1"}],"replies":[{"embeddable":true,"href":"https:\/\/www.physio-batjuta.de\/physiotherapie-chemnitz\/wp-json\/wp\/v2\/comments?post=1447"}],"version-history":[{"count":1,"href":"https:\/\/www.physio-batjuta.de\/physiotherapie-chemnitz\/wp-json\/wp\/v2\/pages\/1447\/revisions"}],"predecessor-version":[{"id":1448,"href":"https:\/\/www.physio-batjuta.de\/physiotherapie-chemnitz\/wp-json\/wp\/v2\/pages\/1447\/revisions\/1448"}],"wp:attachment":[{"href":"https:\/\/www.physio-batjuta.de\/physiotherapie-chemnitz\/wp-json\/wp\/v2\/media?parent=1447"}],"curies":[{"name":"wp","href":"https:\/\/api.w.org\/{rel}","templated":true}]}}