{"id":1449,"date":"2023-06-14T21:22:54","date_gmt":"2023-06-14T19:22:54","guid":{"rendered":"https:\/\/maxim.probierwiese.de\/?page_id=1449"},"modified":"2023-06-14T21:22:54","modified_gmt":"2023-06-14T19:22:54","slug":"heisse-rolle","status":"publish","type":"page","link":"https:\/\/www.physio-batjuta.de\/physiotherapie-chemnitz\/heisse-rolle\/","title":{"rendered":"Hei\u00dfe Rolle"},"content":{"rendered":"<p>Die hei\u00dfe Rolle ist eine Form der W\u00e4rmetherapie und dadurch eine punktuelle W\u00e4rmeapplikation. Es werden mehrere kleine Handt\u00fccher zu einer trichterf\u00f6rmigen Rolle gerollt. In diesen Trichter wird hei\u00dfes Wasser gegossen bis die T\u00fccher durchtr\u00e4nkt sind. Danach tupft und rollt man damit \u00fcber die betroffene Stelle.<\/p>\n","protected":false},"excerpt":{"rendered":"<p>Die hei\u00dfe Rolle ist eine Form der W\u00e4rmetherapie und dadurch eine punktuelle W\u00e4rmeapplikation. Es werden mehrere kleine Handt\u00fccher zu einer trichterf\u00f6rmigen Rolle gerollt. In diesen Trichter wird hei\u00dfes Wasser gegossen [&hellip;]<\/p>\n","protected":false},"author":1,"featured_media":0,"parent":0,"menu_order":0,"comment_status":"closed","ping_status":"closed","template":"","meta":{"footnotes":""},"class_list":["post-1449","page","type-page","status-publish","hentry"],"yoast_head":"<!-- This site is optimized with the Yoast SEO plugin v26.9 - https:\/\/yoast.com\/product\/yoast-seo-wordpress\/ -->\n<title>Hei\u00dfe Rolle - Physiotherapie Maxim Batjuta - 2 mal in Chemnitz<\/title>\n<meta name=\"robots\" content=\"index, follow, max-snippet:-1, max-image-preview:large, max-video-preview:-1\" \/>\n<link rel=\"canonical\" href=\"https:\/\/www.physio-batjuta.de\/physiotherapie-chemnitz\/heisse-rolle\/\" \/>\n<meta property=\"og:locale\" content=\"de_DE\" \/>\n<meta property=\"og:type\" content=\"article\" \/>\n<meta property=\"og:title\" content=\"Hei\u00dfe Rolle - Physiotherapie Maxim Batjuta - 2 mal in Chemnitz\" \/>\n<meta property=\"og:description\" content=\"Die hei\u00dfe Rolle ist eine Form der W\u00e4rmetherapie und dadurch eine punktuelle W\u00e4rmeapplikation. Es werden mehrere kleine Handt\u00fccher zu einer trichterf\u00f6rmigen Rolle gerollt. In diesen Trichter wird hei\u00dfes Wasser gegossen [&hellip;]\" \/>\n<meta property=\"og:url\" content=\"https:\/\/www.physio-batjuta.de\/physiotherapie-chemnitz\/heisse-rolle\/\" \/>\n<meta property=\"og:site_name\" content=\"Physiotherapie Maxim Batjuta - 2 mal in Chemnitz\" \/>\n<meta name=\"twitter:card\" content=\"summary_large_image\" \/>\n<!-- \/ Yoast SEO plugin. -->","yoast_head_json":{"title":"Hei\u00dfe Rolle - Physiotherapie Maxim Batjuta - 2 mal in Chemnitz","robots":{"index":"index","follow":"follow","max-snippet":"max-snippet:-1","max-image-preview":"max-image-preview:large","max-video-preview":"max-video-preview:-1"},"canonical":"https:\/\/www.physio-batjuta.de\/physiotherapie-chemnitz\/heisse-rolle\/","og_locale":"de_DE","og_type":"article","og_title":"Hei\u00dfe Rolle - Physiotherapie Maxim Batjuta - 2 mal in Chemnitz","og_description":"Die hei\u00dfe Rolle ist eine Form der W\u00e4rmetherapie und dadurch eine punktuelle W\u00e4rmeapplikation. Es werden mehrere kleine Handt\u00fccher zu einer trichterf\u00f6rmigen Rolle gerollt. In diesen Trichter wird hei\u00dfes Wasser gegossen [&hellip;]","og_url":"https:\/\/www.physio-batjuta.de\/physiotherapie-chemnitz\/heisse-rolle\/","og_site_name":"Physiotherapie Maxim Batjuta - 2 mal in Chemnitz","twitter_card":"summary_large_image","schema":{"@context":"https:\/\/schema.org","@graph":[{"@type":"WebPage","@id":"https:\/\/www.physio-batjuta.de\/physiotherapie-chemnitz\/heisse-rolle\/","url":"https:\/\/www.physio-batjuta.de\/physiotherapie-chemnitz\/heisse-rolle\/","name":"Hei\u00dfe Rolle - Physiotherapie Maxim Batjuta - 2 mal in Chemnitz","isPartOf":{"@id":"https:\/\/www.physio-batjuta.de\/physiotherapie-chemnitz\/#website"},"datePublished":"2023-06-14T19:22:54+00:00","breadcrumb":{"@id":"https:\/\/www.physio-batjuta.de\/physiotherapie-chemnitz\/heisse-rolle\/#breadcrumb"},"inLanguage":"de","potentialAction":[{"@type":"ReadAction","target":["https:\/\/www.physio-batjuta.de\/physiotherapie-chemnitz\/heisse-rolle\/"]}]},{"@type":"BreadcrumbList","@id":"https:\/\/www.physio-batjuta.de\/physiotherapie-chemnitz\/heisse-rolle\/#breadcrumb","itemListElement":[{"@type":"ListItem","position":1,"name":"Start","item":"https:\/\/www.physio-batjuta.de\/physiotherapie-chemnitz\/"},{"@type":"ListItem","position":2,"name":"Hei\u00dfe Rolle"}]},{"@type":"WebSite","@id":"https:\/\/www.physio-batjuta.de\/physiotherapie-chemnitz\/#website","url":"https:\/\/www.physio-batjuta.de\/physiotherapie-chemnitz\/","name":"Physiotherapie Maxim Batjuta - 2 mal in Chemnitz","description":"","publisher":{"@id":"https:\/\/www.physio-batjuta.de\/physiotherapie-chemnitz\/#organization"},"potentialAction":[{"@type":"SearchAction","target":{"@type":"EntryPoint","urlTemplate":"https:\/\/www.physio-batjuta.de\/physiotherapie-chemnitz\/?s={search_term_string}"},"query-input":{"@type":"PropertyValueSpecification","valueRequired":true,"valueName":"search_term_string"}}],"inLanguage":"de"},{"@type":"Organization","@id":"https:\/\/www.physio-batjuta.de\/physiotherapie-chemnitz\/#organization","name":"Physiotherapie Maxim Batjuta - 2 mal in Chemnitz","url":"https:\/\/www.physio-batjuta.de\/physiotherapie-chemnitz\/","logo":{"@type":"ImageObject","inLanguage":"de","@id":"https:\/\/www.physio-batjuta.de\/physiotherapie-chemnitz\/#\/schema\/logo\/image\/","url":"https:\/\/www.physio-batjuta.de\/wp-content\/uploads\/2023\/06\/logo-web-1.png","contentUrl":"https:\/\/www.physio-batjuta.de\/wp-content\/uploads\/2023\/06\/logo-web-1.png","width":1063,"height":200,"caption":"Physiotherapie Maxim Batjuta - 2 mal in Chemnitz"},"image":{"@id":"https:\/\/www.physio-batjuta.de\/physiotherapie-chemnitz\/#\/schema\/logo\/image\/"}}]}},"_links":{"self":[{"href":"https:\/\/www.physio-batjuta.de\/physiotherapie-chemnitz\/wp-json\/wp\/v2\/pages\/1449","targetHints":{"allow":["GET"]}}],"collection":[{"href":"https:\/\/www.physio-batjuta.de\/physiotherapie-chemnitz\/wp-json\/wp\/v2\/pages"}],"about":[{"href":"https:\/\/www.physio-batjuta.de\/physiotherapie-chemnitz\/wp-json\/wp\/v2\/types\/page"}],"author":[{"embeddable":true,"href":"https:\/\/www.physio-batjuta.de\/physiotherapie-chemnitz\/wp-json\/wp\/v2\/users\/1"}],"replies":[{"embeddable":true,"href":"https:\/\/www.physio-batjuta.de\/physiotherapie-chemnitz\/wp-json\/wp\/v2\/comments?post=1449"}],"version-history":[{"count":1,"href":"https:\/\/www.physio-batjuta.de\/physiotherapie-chemnitz\/wp-json\/wp\/v2\/pages\/1449\/revisions"}],"predecessor-version":[{"id":1450,"href":"https:\/\/www.physio-batjuta.de\/physiotherapie-chemnitz\/wp-json\/wp\/v2\/pages\/1449\/revisions\/1450"}],"wp:attachment":[{"href":"https:\/\/www.physio-batjuta.de\/physiotherapie-chemnitz\/wp-json\/wp\/v2\/media?parent=1449"}],"curies":[{"name":"wp","href":"https:\/\/api.w.org\/{rel}","templated":true}]}}