{"id":1459,"date":"2023-06-14T21:25:09","date_gmt":"2023-06-14T19:25:09","guid":{"rendered":"https:\/\/maxim.probierwiese.de\/?page_id=1459"},"modified":"2026-01-17T23:29:18","modified_gmt":"2026-01-17T22:29:18","slug":"pnf-therapie","status":"publish","type":"page","link":"https:\/\/www.physio-batjuta.de\/physiotherapie-chemnitz\/pnf-therapie\/","title":{"rendered":"PNF Therapie"},"content":{"rendered":"<ul>\n<li>PNF steht f\u00fcr \u201ePropriozeptive Neuromuskul\u00e4re Fazilitation\u201c und f\u00f6rdert das Zusammenwirken der Einheit von Nerv und Muskel \u00fcber \u00e4u\u00dfere und innere Reize.<\/li>\n<\/ul>\n<p>Durch bestimmte Rezeptoren nimmt jeder Mensch wahr, wie sich der eigene K\u00f6rper bewegt oder in welcher Position er sich gerade befindet. Eine Therapie nach dem PNF-Konzept regt diese Rezeptoren in Gelenken, Muskeln und Sehnen durch gezielte Stimulation an und aktiviert sie. Damit f\u00f6rdert diese Therapieform das Zusammenwirken von Rezeptoren, Nerven und Muskeln (= neuromuskul\u00e4r), so dass die allt\u00e4glichen Bewegungsabl\u00e4ufe deutlich leichter fallen (= Fazilitation). Durch die Stimulation wird die eigene Wahrnehmung gest\u00e4rkt und f\u00f6rdert damit die gesamte Organisation der Bewegungsabl\u00e4ufe im K\u00f6rper. So werden in der physiotherapeutischen Behandlung u.a. Dreh- und Rotationsbewegungen mit vielen Wiederholungen durchgef\u00fchrt.<\/p>\n<p><strong>Die PNF-Therapie wird in erster Linie angewandt bei Bewegungsst\u00f6rungen aufgrund von:<\/strong><\/p>\n<ul>\n<li>Multipler Sklerose<\/li>\n<li>Morbus Parkinson<\/li>\n<li>Querschnittsl\u00e4hmung<\/li>\n<li>Sch\u00e4del-Hirn-Trauma<\/li>\n<li>Schlaganfall<\/li>\n<li>Gelenkoperationen<\/li>\n<li>Sportunf\u00e4llen<\/li>\n<li>Gesichts-, Mund- und Schluckbeschwerden (inklusive Kieferproblematiken)<\/li>\n<li>R\u00fcckenschmerzen<\/li>\n<\/ul>\n","protected":false},"excerpt":{"rendered":"<p>PNF steht f\u00fcr \u201ePropriozeptive Neuromuskul\u00e4re Fazilitation\u201c und f\u00f6rdert das Zusammenwirken der Einheit von Nerv und Muskel \u00fcber \u00e4u\u00dfere und innere Reize. Durch bestimmte Rezeptoren nimmt jeder Mensch wahr, wie sich [&hellip;]<\/p>\n","protected":false},"author":1,"featured_media":0,"parent":0,"menu_order":0,"comment_status":"closed","ping_status":"closed","template":"","meta":{"footnotes":""},"class_list":["post-1459","page","type-page","status-publish","hentry"],"yoast_head":"<!-- This site is optimized with the Yoast SEO plugin v26.9 - https:\/\/yoast.com\/product\/yoast-seo-wordpress\/ -->\n<title>PNF Therapie: Vorteile f\u00fcr die Rehabilitation - Physiotherapie Maxim Batjuta - 2 mal in Chemnitz<\/title>\n<meta name=\"robots\" content=\"index, follow, max-snippet:-1, max-image-preview:large, max-video-preview:-1\" \/>\n<link rel=\"canonical\" href=\"https:\/\/www.physio-batjuta.de\/physiotherapie-chemnitz\/pnf-therapie\/\" \/>\n<meta property=\"og:locale\" content=\"de_DE\" \/>\n<meta property=\"og:type\" content=\"article\" \/>\n<meta property=\"og:title\" content=\"PNF Therapie: Vorteile f\u00fcr die Rehabilitation - Physiotherapie Maxim Batjuta - 2 mal in Chemnitz\" \/>\n<meta property=\"og:description\" content=\"PNF steht f\u00fcr \u201ePropriozeptive Neuromuskul\u00e4re Fazilitation\u201c und f\u00f6rdert das Zusammenwirken der Einheit von Nerv und Muskel \u00fcber \u00e4u\u00dfere und innere Reize. Durch bestimmte Rezeptoren nimmt jeder Mensch wahr, wie sich [&hellip;]\" \/>\n<meta property=\"og:url\" content=\"https:\/\/www.physio-batjuta.de\/physiotherapie-chemnitz\/pnf-therapie\/\" \/>\n<meta property=\"og:site_name\" content=\"Physiotherapie Maxim Batjuta - 2 mal in Chemnitz\" \/>\n<meta property=\"article:modified_time\" content=\"2026-01-17T22:29:18+00:00\" \/>\n<meta name=\"twitter:card\" content=\"summary_large_image\" \/>\n<meta name=\"twitter:label1\" content=\"Gesch\u00e4tzte Lesezeit\" \/>\n\t<meta name=\"twitter:data1\" content=\"1\u00a0Minute\" \/>\n<!-- \/ Yoast SEO plugin. -->","yoast_head_json":{"title":"PNF Therapie: Vorteile f\u00fcr die Rehabilitation - Physiotherapie Maxim Batjuta - 2 mal in Chemnitz","robots":{"index":"index","follow":"follow","max-snippet":"max-snippet:-1","max-image-preview":"max-image-preview:large","max-video-preview":"max-video-preview:-1"},"canonical":"https:\/\/www.physio-batjuta.de\/physiotherapie-chemnitz\/pnf-therapie\/","og_locale":"de_DE","og_type":"article","og_title":"PNF Therapie: Vorteile f\u00fcr die Rehabilitation - Physiotherapie Maxim Batjuta - 2 mal in Chemnitz","og_description":"PNF steht f\u00fcr \u201ePropriozeptive Neuromuskul\u00e4re Fazilitation\u201c und f\u00f6rdert das Zusammenwirken der Einheit von Nerv und Muskel \u00fcber \u00e4u\u00dfere und innere Reize. Durch bestimmte Rezeptoren nimmt jeder Mensch wahr, wie sich [&hellip;]","og_url":"https:\/\/www.physio-batjuta.de\/physiotherapie-chemnitz\/pnf-therapie\/","og_site_name":"Physiotherapie Maxim Batjuta - 2 mal in Chemnitz","article_modified_time":"2026-01-17T22:29:18+00:00","twitter_card":"summary_large_image","twitter_misc":{"Gesch\u00e4tzte Lesezeit":"1\u00a0Minute"},"schema":{"@context":"https:\/\/schema.org","@graph":[{"@type":"WebPage","@id":"https:\/\/www.physio-batjuta.de\/physiotherapie-chemnitz\/pnf-therapie\/","url":"https:\/\/www.physio-batjuta.de\/physiotherapie-chemnitz\/pnf-therapie\/","name":"PNF Therapie: Vorteile f\u00fcr die Rehabilitation - Physiotherapie Maxim Batjuta - 2 mal in Chemnitz","isPartOf":{"@id":"https:\/\/www.physio-batjuta.de\/physiotherapie-chemnitz\/#website"},"datePublished":"2023-06-14T19:25:09+00:00","dateModified":"2026-01-17T22:29:18+00:00","breadcrumb":{"@id":"https:\/\/www.physio-batjuta.de\/physiotherapie-chemnitz\/pnf-therapie\/#breadcrumb"},"inLanguage":"de","potentialAction":[{"@type":"ReadAction","target":["https:\/\/www.physio-batjuta.de\/physiotherapie-chemnitz\/pnf-therapie\/"]}]},{"@type":"BreadcrumbList","@id":"https:\/\/www.physio-batjuta.de\/physiotherapie-chemnitz\/pnf-therapie\/#breadcrumb","itemListElement":[{"@type":"ListItem","position":1,"name":"Start","item":"https:\/\/www.physio-batjuta.de\/physiotherapie-chemnitz\/"},{"@type":"ListItem","position":2,"name":"PNF Therapie"}]},{"@type":"WebSite","@id":"https:\/\/www.physio-batjuta.de\/physiotherapie-chemnitz\/#website","url":"https:\/\/www.physio-batjuta.de\/physiotherapie-chemnitz\/","name":"Physiotherapie Maxim Batjuta - 2 mal in Chemnitz","description":"","publisher":{"@id":"https:\/\/www.physio-batjuta.de\/physiotherapie-chemnitz\/#organization"},"potentialAction":[{"@type":"SearchAction","target":{"@type":"EntryPoint","urlTemplate":"https:\/\/www.physio-batjuta.de\/physiotherapie-chemnitz\/?s={search_term_string}"},"query-input":{"@type":"PropertyValueSpecification","valueRequired":true,"valueName":"search_term_string"}}],"inLanguage":"de"},{"@type":"Organization","@id":"https:\/\/www.physio-batjuta.de\/physiotherapie-chemnitz\/#organization","name":"Physiotherapie Maxim Batjuta - 2 mal in Chemnitz","url":"https:\/\/www.physio-batjuta.de\/physiotherapie-chemnitz\/","logo":{"@type":"ImageObject","inLanguage":"de","@id":"https:\/\/www.physio-batjuta.de\/physiotherapie-chemnitz\/#\/schema\/logo\/image\/","url":"https:\/\/www.physio-batjuta.de\/wp-content\/uploads\/2023\/06\/logo-web-1.png","contentUrl":"https:\/\/www.physio-batjuta.de\/wp-content\/uploads\/2023\/06\/logo-web-1.png","width":1063,"height":200,"caption":"Physiotherapie Maxim Batjuta - 2 mal in Chemnitz"},"image":{"@id":"https:\/\/www.physio-batjuta.de\/physiotherapie-chemnitz\/#\/schema\/logo\/image\/"}}]}},"_links":{"self":[{"href":"https:\/\/www.physio-batjuta.de\/physiotherapie-chemnitz\/wp-json\/wp\/v2\/pages\/1459","targetHints":{"allow":["GET"]}}],"collection":[{"href":"https:\/\/www.physio-batjuta.de\/physiotherapie-chemnitz\/wp-json\/wp\/v2\/pages"}],"about":[{"href":"https:\/\/www.physio-batjuta.de\/physiotherapie-chemnitz\/wp-json\/wp\/v2\/types\/page"}],"author":[{"embeddable":true,"href":"https:\/\/www.physio-batjuta.de\/physiotherapie-chemnitz\/wp-json\/wp\/v2\/users\/1"}],"replies":[{"embeddable":true,"href":"https:\/\/www.physio-batjuta.de\/physiotherapie-chemnitz\/wp-json\/wp\/v2\/comments?post=1459"}],"version-history":[{"count":2,"href":"https:\/\/www.physio-batjuta.de\/physiotherapie-chemnitz\/wp-json\/wp\/v2\/pages\/1459\/revisions"}],"predecessor-version":[{"id":1722,"href":"https:\/\/www.physio-batjuta.de\/physiotherapie-chemnitz\/wp-json\/wp\/v2\/pages\/1459\/revisions\/1722"}],"wp:attachment":[{"href":"https:\/\/www.physio-batjuta.de\/physiotherapie-chemnitz\/wp-json\/wp\/v2\/media?parent=1459"}],"curies":[{"name":"wp","href":"https:\/\/api.w.org\/{rel}","templated":true}]}}